{"id":623,"date":"2014-09-17T11:25:21","date_gmt":"2014-09-17T11:25:21","guid":{"rendered":"http:\/\/www.josezorita.es\/web\/webpablo\/?page_id=623"},"modified":"2014-09-17T11:26:25","modified_gmt":"2014-09-17T11:26:25","slug":"sus-obras","status":"publish","type":"page","link":"https:\/\/www.pabloreviriego.es\/?page_id=623","title":{"rendered":"Sus Obras"},"content":{"rendered":"<p>Sus Obras se encuentran en Colecciones Privadas por toda la geograf\u00eda nacional, as\u00ed como en la Diputaci\u00f3n de Avila, en el Museo del Dibujo Castillo de la Ress Sebi\u00f1anigo (Huesca), en la Biblioteca Nacional de Espa\u00f1a, en el Ayuntamiento de Tomelloso, en Bankia Caja de Avila, en la Diputaci\u00f3n de Albacete, Ayuntamiento de Sotillo (\u00c1vila), Ayuntamiento de Madrid, Fundaci\u00f3n Camilo Jos\u00e9 Cela, Museo Lopez Berr\u00f3n en Gotarrendura (\u00c1vila), Museo de Arte Contemporaneo Maite Espinola en Marmolejo (Ja\u00e9n), Museo de Arte Contemporaneo de Azuaga (Badajoz), Museo Anfaco (Vigo), Gran Casino de Madrid, Castillo Schioss Merode (Alemania), y en pa\u00edses como Estados Unidos, Venezuela, Alemania, Australia, Portugal, Arabia Saud\u00ed, Mejico, Rusia, Holanda, Colombia, Marruecos, Cuba, Belgica, Suiza, Italia, Francia, etc&#8230;<\/p>\n<p>Poseen obras suyas destacadas personalidades del mundo de las finanzas, la pol\u00edtica, la literatura, el espect\u00e1culo y el mundo taurino.<\/p>\n","protected":false},"excerpt":{"rendered":"<p>Sus Obras se encuentran en Colecciones Privadas por toda la geograf\u00eda nacional, as\u00ed como en la Diputaci\u00f3n de Avila, en el Museo del Dibujo Castillo de la Ress Sebi\u00f1anigo (Huesca), en la Biblioteca Nacional de Espa\u00f1a, en el Ayuntamiento de &hellip; <a href=\"https:\/\/www.pabloreviriego.es\/?page_id=623\">Continuar<\/a><\/p>\n","protected":false},"author":1,"featured_media":0,"parent":0,"menu_order":0,"comment_status":"closed","ping_status":"closed","template":"","meta":{"kt_blocks_editor_width":""},"aioseo_notices":[],"_links":{"self":[{"href":"https:\/\/www.pabloreviriego.es\/index.php?rest_route=\/wp\/v2\/pages\/623"}],"collection":[{"href":"https:\/\/www.pabloreviriego.es\/index.php?rest_route=\/wp\/v2\/pages"}],"about":[{"href":"https:\/\/www.pabloreviriego.es\/index.php?rest_route=\/wp\/v2\/types\/page"}],"author":[{"embeddable":true,"href":"https:\/\/www.pabloreviriego.es\/index.php?rest_route=\/wp\/v2\/users\/1"}],"replies":[{"embeddable":true,"href":"https:\/\/www.pabloreviriego.es\/index.php?rest_route=%2Fwp%2Fv2%2Fcomments&post=623"}],"version-history":[{"count":3,"href":"https:\/\/www.pabloreviriego.es\/index.php?rest_route=\/wp\/v2\/pages\/623\/revisions"}],"predecessor-version":[{"id":626,"href":"https:\/\/www.pabloreviriego.es\/index.php?rest_route=\/wp\/v2\/pages\/623\/revisions\/626"}],"wp:attachment":[{"href":"https:\/\/www.pabloreviriego.es\/index.php?rest_route=%2Fwp%2Fv2%2Fmedia&parent=623"}],"curies":[{"name":"wp","href":"https:\/\/api.w.org\/{rel}","templated":true}]}}