{"id":323,"date":"2014-09-17T10:24:23","date_gmt":"2014-09-17T10:24:23","guid":{"rendered":"http:\/\/www.josezorita.es\/web\/webpablo\/?page_id=323"},"modified":"2025-01-20T08:32:09","modified_gmt":"2025-01-20T08:32:09","slug":"certamenes-y-premios","status":"publish","type":"page","link":"https:\/\/www.pabloreviriego.es\/?page_id=323","title":{"rendered":"Cert\u00e1menes y Premios"},"content":{"rendered":"<p><a href=\"http:\/\/www.josezorita.es\/web\/webpablo\/wp-content\/uploads\/2014\/09\/pablo_02.jpg\"><img decoding=\"async\" loading=\"lazy\" class=\"alignnone size-medium wp-image-332\" src=\"http:\/\/www.josezorita.es\/web\/webpablo\/wp-content\/uploads\/2014\/09\/pablo_02-300x105.jpg\" alt=\"pablo_02\" width=\"300\" height=\"105\" srcset=\"https:\/\/www.pabloreviriego.es\/wp-content\/uploads\/2014\/09\/pablo_02-300x105.jpg 300w, https:\/\/www.pabloreviriego.es\/wp-content\/uploads\/2014\/09\/pablo_02.jpg 704w\" sizes=\"(max-width: 300px) 100vw, 300px\" \/><\/a><\/p>\n<p>2024:<\/p>\n<ul>\n<li>Jurado en el certamen de pintura Ciudad de Avila.<\/li>\n<li>Jurado en el certamen de pintura de Piedrahita.<\/li>\n<li>Jurado en el certamen de pintura de Santa Cruz de la Zarza.<\/li>\n<li>Concesi\u00f3n de la medalla de oro Mayte Spinola por Acuarela Espa\u00f1a.<\/li>\n<\/ul>\n<p>2023:<\/p>\n<ul>\n<li>Finalista en el Certamen Internacional de Arte Abstracto Mario Sasloski.<\/li>\n<li>Seleccionado en el 87 Salon de Oto\u00f1o.<\/li>\n<li>Seleccionado en el 90 Salon de Oto\u00f1o.<\/li>\n<li>Seleccionado en el certamen de Peque\u00f1o Formato Moncloa AEPE.<\/li>\n<li>Finalista en el Certamen Puro Arte AEPE.<\/li>\n<li>Comisario de la exposici\u00f3n las Pintoras de la Aeda en el 75 Aniversario.<\/li>\n<li>Comisario de la Exposici\u00f3n Nacional de Acuarela Gran Formato en Casa de Vacas Retiro Madrid.<\/li>\n<\/ul>\n<p>2022:<\/p>\n<ul>\n<li>Finalista en el Sal\u00f3n de Oto\u00f1o, en Casa de Vacas de Madrid.<\/li>\n<\/ul>\n<p>2019:<\/p>\n<ul>\n<li>Jurado del Certamen de Primavera de A.E.D.A. Jurado del Certamen Nacional Ciudad de Avila.<\/li>\n<\/ul>\n<p>2018:<\/p>\n<ul>\n<li>Premio de la A.E.D.A. en el 85 Certamen del sal\u00f3n de Oto\u00f1o de\u00a0A.E.P.E.<\/li>\n<li>Comisario de las Bienales de 20 Pintores unidos por la acuarela.<\/li>\n<li>Finalista en la XV Bienal Internacional de acuarela de la Villa de Caudete.<\/li>\n<li>Pregonero de las fiestas Goyescas de Piedrahita 2018.<\/li>\n<li>Finalista en el III certamen Artemisa de Aravaca Moncloa.<\/li>\n<\/ul>\n<p>2017:<\/p>\n<ul>\n<li>Finalista en el 52 Premio Reina Sof\u00eda.<\/li>\n<li>Finalista en el Certamen Internacional Ciudad de Tomelloso.<\/li>\n<li>Seleccionado en el 84 Sal\u00f3n de la A.E.P.E.<\/li>\n<li>Participa en el XX Simposio Internacional de la Acuarela en Salamanca.<\/li>\n<li>Seleccionado en el II Sal\u00f3n de Realismo Nacional.<\/li>\n<li>Su obra Invierno figura en el Calendario del a\u00f1o 2018 de la Agrupaci\u00f3n Espa\u00f1ola de Acuarelistas.<\/li>\n<\/ul>\n<p>2016:<\/p>\n<ul>\n<li>Finalista en el 51 Premio Reina Sof\u00eda<\/li>\n<li>Premio de la Ciudad de Getafe en el 83 Sal\u00f3n de Oto\u00f1o de la A.E.P.E.<\/li>\n<li>Jurado en el Certamen Internacional Mercedes Ballesteros.<\/li>\n<li>Premiado por el grupo Pro Arte y Cultura, que su directora es Maite Spinola, por los \u00e9xitos obtenidos en el 2016.<\/li>\n<\/ul>\n<p>2015:<\/p>\n<ul>\n<li>Seleccionado para el Calendario de A.E.D.A.<\/li>\n<li>Finalista en el 82 Sal\u00f3n de Oto\u00f1o de la A.E.P.E.<\/li>\n<li>Comisario y creador de las Bienales de 20 Pintores Unidos por la Acuarela.<\/li>\n<\/ul>\n<p>2014:<\/p>\n<ul>\n<li>Comisario de la Bienal 20 Pintores unidos por la acuarela.<\/li>\n<li>Seleccionado 81\u00ba Sal\u00f3n de Oto\u00f1o de la A.E.P.E. Acc\u00e9sit Certamen Castilla La Mancha.<\/li>\n<li>Seleccionado para representar a la Agrupaci\u00f3n Espa\u00f1ola de Acuarelistas en el Museo de Mexico.<\/li>\n<li>Seleccionado para el calendario 2015 de la A.E.P.E. a formar parte del jurado del Certamen Nacional Ciudad de \u00c1vila.<\/li>\n<li>Jurado del II Sal\u00f3n de Verano Ciudad de Cuenca. Jurado del Certamen Nacional Mercedes Ballesteros.<\/li>\n<li>Jurado del VIII Sal\u00f3n de Primavera de Valdepe\u00f1as.<\/li>\n<li>Participa como jurado en el Certamen Nacional Peque\u00f1o Formato de la A.E.P.E.<\/li>\n<\/ul>\n<p>2013:<br \/>\n\u2022 Premio Excelencia en la Acuarela otorgado por la tertulia ilustrada de Madrid.<br \/>\n\u2022 Seleccionado en el 80 Sal\u00f3n de Oto\u00f1o de la Asociaci\u00f3n Espa\u00f1ola de Pintores y Escultores.<br \/>\n\u2022 Comisario y Presidente del Jurado del I Sal\u00f3n de Verano de Cuenca de la A.E.A.P<br \/>\n\u2022 Comisario y Secretario del Jurado en el VII Sal\u00f3n de Primavera por Tierras de Castilla La Mancha en Valdepe\u00f1as.<br \/>\n\u2022 Participa como Jurado en el Certamen de Pintura R\u00e1pida Ciudad de \u00c1vila.<br \/>\n\u2022 Comisario y promotor de la II Bienal Itinerante 20 Pintores Unidos por la Acuarela.<br \/>\n\u2022 Forma parte del Jurado del IV Certamen Nacional de Pintura Mercedes Ballesteros.<br \/>\n2012:<br \/>\n\u2022 Finalista en la II Bienal Internacional de la Acuarela de Caudete.<br \/>\n\u2022 Seleccionado en el XV Simposio Nacional de la Acuarela de la Ciudad Autonoma de Ceuta.<br \/>\n\u2022 Participa como Jurado en el 3\u00ba Certamen Nacional de Pintura R\u00e1pida de Mercedes Ballesteros.<br \/>\n\u2022 Recibe un Homenaje por cr\u00edticos de Arte y Pintores en el Hogar de Avila por su trayectoria Art\u00edstica.<br \/>\n\u2022 Primer premio en el certamen Nacional Galileo de la Asociaci\u00f3n Espa\u00f1ola de Pintores y Escultores.<br \/>\n2011:<br \/>\n\u2022 Mensi\u00f3n de Honor en el XXX certamen Nacional de Peque\u00f1o Formato.<br \/>\n\u2022 Participa como jurado en el certamen Nacional de Pintura Fermin Santos de Sig\u00fcenza.<br \/>\n\u2022 Primer premio Nacional de Pintura Minicromatismos de la A.E.P.E. 2011.<br \/>\n\u2022 Medalla del Centenario de la Asociaci\u00f3n Espa\u00f1ola de Pintores y Escultores en el Certamen Nacional<br \/>\nEmociones Art\u00edsticas Contemporaneas.<br \/>\n\u2022 Comisario de la Exposici\u00f3n 20 Pintores unidos por la Acuarela &#8211; Retiro (Madrid)<br \/>\n\u2022 Participa como jurado en el certamen nacional de pintura r\u00e1pida &#8211; Ciudad de \u00e1vila.<br \/>\n\u2022 Medalla de honor en el IV Certamen Casa de Cantabria.<br \/>\n\u2022 Participa como jurado en el II Certamen nacional de pintura r\u00e1pida Mercedes Ballesteros.<br \/>\n2010:<br \/>\n\u2022 Premio Gran Casino de Madrid XI Certamen Nacional de Pintura Contemporanea.<br \/>\n\u2022 Premio Anfaco VII Certamen Nacional El Mar y sus Productos<br \/>\n\u2022 Seleccionado para representar a la Agrupaci\u00f3n Espa\u00f1ola de Acuarelistas en la VII Exposici\u00f3n<br \/>\nInternacional de la Acuarela en Amberes (B\u00e9lgica)<br \/>\n\u2022 Medalla de Honor en el IX Certamen Nacional de Pintura Villa de Soltillo (Avila)<br \/>\n2009:<br \/>\n\u2022 Primer Accesi Certamen Nacional de Pintura peque\u00f1o formato &#8211; Asociaci\u00f3n Espa\u00f1ola<br \/>\nde Pintores y Escultores<br \/>\n\u2022 Premio de la Diputaci\u00f3n de Albacete X Certamen Nacional de Acuarela &#8211; Caudete<br \/>\n\u2022 2\u00ba Premio Ayto. de Madrid, Areas de las Artes, sal\u00f3n de Oto\u00f1o, Asociaci\u00f3n Espa\u00f1ola<br \/>\nde Pintores y Escultores<br \/>\n\u2022 2\u00ba Premio, 8\u00ba Certamen Nacional de Pintura \u00abVilla de Sotillo\u00bb (\u00c1vila)<br \/>\n\u2022 Seleccionado en el 29\u00ba Certamen Nacional de Pintura de la Villa de Parla (Madrid)<br \/>\n\u2022 Comisario de la I Bienal Iberoamericana de la Acuarela en el Museo de la Real Casa de la Moneda Madrid<br \/>\n\u2022 Nombrado Socio de Honor de la Agrupaci\u00f3n Espa\u00f1ola de Acuarelistas.<br \/>\n\u2022 Simposio Europeo de la Acuarela (Segovia)<br \/>\n\u2022 Participa Como Jurado en el 7\u00ba Certamen Nacional de pintura r\u00e1pida al aire libre de Mota del Cuervo (Cuenca)<br \/>\n2008:<br \/>\n\u2022 Premio Benedito y asociados en el XIX Certamen Nacional El Tormo (Cuenca)<br \/>\n\u2022 Medalla de Honor Certamen Nacional de Sotillo de Ladrada (AVILA)<br \/>\n\u2022 Menci\u00f3n de Honor Certamen Homenaje a Maria Blanchard.<br \/>\n\u2022 Participa Como Jurado en el Certamen de Pintura R\u00e1pida de Legan\u00e9s (Madrid)<br \/>\n2007:<br \/>\n\u2022 Segundo Premio XXVI Certamen Nacional de pintura y escultura peque\u00f1o formato Asociaci\u00f3n Espa\u00f1ola de Pintores y<br \/>\nEscultores.<br \/>\n\u2022 LXII Certamen de Acuarelas sobre temas de Madrid<br \/>\n\u2022 IV Certamen Francisco Revelles de Acuarela Colmenar Viejo (Madrid)<br \/>\n\u2022 VI Certamen de Pintura Club Naval de Oficiales del Ferrol. (La Coru\u00f1a)<br \/>\n\u2022 II Sal\u00f3n de Primavera (Madrid)<br \/>\n2006:<br \/>\n\u2022 Seleccionado segundo certamen pintura Saexma (Galer\u00eda Infantas Madrid)<br \/>\n\u2022 XVI Certamen Nacional de Aranjuez (Madrid)<br \/>\n\u2022 Hasta el a\u00f1o 2005 ha sido seleccionado y premiado en m\u00e1s de 15 cert\u00e1menes, entre otros en el II Sal\u00f3n de Invierno\u00a0Ciudad de Nueva York.<\/p>\n<div id=\"newsvd_popupMenu\" style=\"display: none;\"><\/div>\n<div id=\"newsvd_popupMenu\"><\/div>\n<div class=\"newsvd_mengceng\" style=\"display: none;\">\n<div id=\"newsvd_backMask\" class=\"backMask\">\n<div id=\"pop\" class=\"pop\">\n<div id=\"newsvd_notice\" class=\"notice\">\n<div id=\"newsvd_notice_in\" class=\"notice_in\">\n<div class=\"notice_in_svg\"><\/div>\n<div id=\"newsvd_notice_in_span\" class=\"notice_in_span\">We will support it soon! Click <span id=\"external_ffmpeg\" class=\"external_ffmpeg\">2k\/4k<\/span> to download videos first.<\/div>\n<\/div>\n<\/div>\n<div id=\"newsvd_dialog\" class=\"newsvd_dialog\">\n<div class=\"top_pro_container\">\n<div class=\"top_pro\">Pro<\/div>\n<p><span class=\"top_pro_span\">Subscription will automatically renew every month before you unsubscribe.<\/span><\/p>\n<\/div>\n<div id=\"newsvd_dialog_close\" class=\"newsvd_dialog_close\"><\/div>\n<div id=\"newsvd_dialog_in\" class=\"dialog_in\">\n<div id=\"pro\" class=\"pro\">Monthly<\/div>\n<div class=\"dialog_line\"><\/div>\n<div id=\"feature_explain\" class=\"feature_explain\"><span id=\"fee\" class=\"fee\"> $ 2.99 \/ month <\/span><\/p>\n<div id=\"feature_list\" class=\"feature_list\">\n<ul id=\"feature_list_ul\">\n<li>1000+ embedded vimeo player sites supported<\/li>\n<li>Support video downloading in more resolutions e.g. 4k, 2k, 1080p, etc.<\/li>\n<li>Support for downloading private videos<\/li>\n<li>Support for extracting audio<\/li>\n<li>Support for downloading subtitles<\/li>\n<li>Unlimited downloads<\/li>\n<\/ul>\n<\/div>\n<\/div>\n<p><button id=\"newsvd_dialog_get\" class=\"dialog_get\">Get<\/button><\/p>\n<p style=\"text-align: center; font-size: 12px; color: #888483; margin-bottom: 15px;\">Click <span id=\"payment_method\" style=\"color: #08abef; cursor: pointer;\">here<\/span> to get other payment method<\/p>\n<\/div>\n<p style=\"text-align: center; font-size: 12px;\">Tip\uff1aPlease refresh the page after the payment is successful<\/p>\n<\/div>\n<\/div>\n<\/div>\n<\/div>\n<div id=\"payment_popup\" style=\"display: none;\">\n<div class=\"payment_content\">\n<div id=\"payment_popup_close\" class=\"dialog_close\" style=\"margin-left: 370px;\"><\/div>\n<h3 style=\"text-align: center; margin-top: 20px; line-height: 40px;\">What is the payment method you want\uff1f<\/h3>\n<p style=\"text-align: center; font-size: 12px; color: #888483;\">We will gradually support it<\/p>\n<div class=\"payment_select\"><input id=\"paypal\" class=\"payment_select_label\" name=\"payment_method\" type=\"radio\" value=\"paypal\" \/><label class=\"payment_label\" for=\"paypal\">PayPal<\/label><br \/>\n<input id=\"braintree\" class=\"payment_select_label\" name=\"payment_method\" type=\"radio\" value=\"braintree\" \/><label class=\"payment_label\" for=\"braintree\">Braintree<\/label><br \/>\n<input id=\"alipay\" class=\"payment_select_label\" name=\"payment_method\" type=\"radio\" value=\"alipay\" \/><label class=\"payment_label\" for=\"alipay\">Alipay<\/label><br \/>\n<input id=\"other\" class=\"payment_select_label\" name=\"payment_method\" type=\"radio\" value=\"other\" \/><label class=\"payment_label\" for=\"other\"><input id=\"otherPayment\" type=\"text\" \/><\/label><\/div>\n<p><button id=\"pay_submit\" style=\"cursor: pointer; border: none; display: block; border-radius: 5px; background-color: #367ecb; height: 30px; width: 100px; line-height: 30px; margin: 22px auto 17px; font-weight: 600; color: white;\">Submit<\/button><\/p>\n<\/div>\n<\/div>\n","protected":false},"excerpt":{"rendered":"<p>2024: Jurado en el certamen de pintura Ciudad de Avila. Jurado en el certamen de pintura de Piedrahita. Jurado en el certamen de pintura de Santa Cruz de la Zarza. Concesi\u00f3n de la medalla de oro Mayte Spinola por Acuarela &hellip; <a href=\"https:\/\/www.pabloreviriego.es\/?page_id=323\">Continuar<\/a><\/p>\n","protected":false},"author":1,"featured_media":0,"parent":0,"menu_order":0,"comment_status":"closed","ping_status":"closed","template":"","meta":{"kt_blocks_editor_width":""},"aioseo_notices":[],"_links":{"self":[{"href":"https:\/\/www.pabloreviriego.es\/index.php?rest_route=\/wp\/v2\/pages\/323"}],"collection":[{"href":"https:\/\/www.pabloreviriego.es\/index.php?rest_route=\/wp\/v2\/pages"}],"about":[{"href":"https:\/\/www.pabloreviriego.es\/index.php?rest_route=\/wp\/v2\/types\/page"}],"author":[{"embeddable":true,"href":"https:\/\/www.pabloreviriego.es\/index.php?rest_route=\/wp\/v2\/users\/1"}],"replies":[{"embeddable":true,"href":"https:\/\/www.pabloreviriego.es\/index.php?rest_route=%2Fwp%2Fv2%2Fcomments&post=323"}],"version-history":[{"count":14,"href":"https:\/\/www.pabloreviriego.es\/index.php?rest_route=\/wp\/v2\/pages\/323\/revisions"}],"predecessor-version":[{"id":2751,"href":"https:\/\/www.pabloreviriego.es\/index.php?rest_route=\/wp\/v2\/pages\/323\/revisions\/2751"}],"wp:attachment":[{"href":"https:\/\/www.pabloreviriego.es\/index.php?rest_route=%2Fwp%2Fv2%2Fmedia&parent=323"}],"curies":[{"name":"wp","href":"https:\/\/api.w.org\/{rel}","templated":true}]}}