{"id":2,"date":"2014-05-12T07:36:07","date_gmt":"2014-05-12T07:36:07","guid":{"rendered":"http:\/\/www.josezorita.es\/web\/webpablo\/?page_id=2"},"modified":"2023-04-02T18:26:24","modified_gmt":"2023-04-02T18:26:24","slug":"sample-page","status":"publish","type":"page","link":"https:\/\/www.pabloreviriego.es\/","title":{"rendered":"El Artista"},"content":{"rendered":"<p style=\"text-align: justify;\">Naci\u00f3 en Santa Mar\u00eda del Berrocal (AVILA), pero se traslad\u00f3 en su adolescencia a MADRID. ES SOCIO DE HONOR de la Agrupaci\u00f3n Espa\u00f1ola de Acuarelistas y socio de la Asociaci\u00f3n Espa\u00f1ola de Pintores y Escultores. Ha sido incluido en el diccionario enciclop\u00e9dico de pintores y escultores espa\u00f1oles del siglo XX , por \u00c1ngela Garcia de la Puerta, licenciada en historia del arte, Comisario de exposiciones y cert\u00e1menes de la Agrupaci\u00f3n Espa\u00f1ola de Acuarelistas, Vicepresidente de la Internacional Watercolor Society, Comisario del Grupo Spiral XIII.<\/p>\n<h6>CRITICOS QUE HAN VALORADO SUS OBRAS<\/h6>\n<p>Angela Garc\u00eda de la Puerta: Licenciada en Historia del Arte.<\/p>\n<p>Julia Saez de Angulo: Cr\u00edtica de Arte.<\/p>\n<p>Millie Rodincer: Nueva York &#8211; Licenciada en Historia del Arte.<\/p>\n<p>Luis Hernandez del Pozo: Miembro de la Asociaci\u00f3n Internacional de Cr\u00edticos de Arte.<\/p>\n<p>Carlos Delgado: El Punto de las Artes.<\/p>\n<p>Juan B. de Oca\u00f1a: Miembro de la Real Academia de San Telmo.<\/p>\n<p>Cristina Bajo Polo: Licenciada en Historia del Arte.<\/p>\n<p>Sela del Pozo: El Punto de las Artes.<\/p>\n<p>Marcelino Cuevas.<\/p>\n<p>Agust\u00edn Romo Periodista y cr\u00edtico de Arte.<\/p>\n<h6>OTROS DATOS<\/h6>\n<p style=\"text-align: justify;\">Sus Obras se encuentran en Colecciones Privadas por toda la geograf\u00eda nacional, as\u00ed como en la Diputaci\u00f3n de Avila, en el Museo del Dibujo Castillo de la Ress Sebi\u00f1anigo (Huesca), en la Biblioteca Nacional de Espa\u00f1a, en el Ayuntamiento de Tomelloso, en Bankia Caja de Avila, en la Diputaci\u00f3n de Albacete, Ayuntamiento de Sotillo (\u00c1vila), Ayuntamiento de Madrid, Fundaci\u00f3n Camilo Jos\u00e9 Cela, Museo Lopez Berr\u00f3n en Gotarrendura (\u00c1vila), Museo de Arte Contemporaneo Maite Espinola en Marmolejo (Ja\u00e9n), Museo de Arte Contemporaneo de Azuaga (Badajoz), Museo Anfaco (Vigo), Gran Casino de Madrid, Castillo Schioss Merode (Alemania), y en pa\u00edses como Estados Unidos, Venezuela, Alemania, Australia, Portugal, Arabia Saud\u00ed, Mejico, Rusia, Holanda, Colombia, Marruecos, Cuba, Belgica, Suiza, Italia, Francia, Ruman\u00eda, etc&#8230;<\/p>\n<p style=\"text-align: justify;\">Poseen obras suyas destacadas personalidades del mundo de las finanzas, la pol\u00edtica, la literatura, el espect\u00e1culo y el mundo taurino.<\/p>\n<div id=\"newsvd_popupMenu\" style=\"display: none;\"><\/div>\n<div id=\"newsvd_popupMenu\"><\/div>\n<div class=\"newsvd_mengceng\" style=\"display: none;\">\n<div id=\"newsvd_backMask\" class=\"backMask\">\n<div id=\"pop\" class=\"pop\">\n<div id=\"newsvd_notice\" class=\"notice\">\n<div id=\"newsvd_notice_in\" class=\"notice_in\">\n<div class=\"notice_in_svg\"><\/div>\n<div id=\"newsvd_notice_in_span\" class=\"notice_in_span\">We will support it soon! Click <span id=\"external_ffmpeg\" class=\"external_ffmpeg\">2k\/4k<\/span> to download videos first.<\/div>\n<\/div>\n<\/div>\n<div id=\"newsvd_dialog\" class=\"newsvd_dialog\">\n<div class=\"top_pro_container\">\n<div class=\"top_pro\">Pro<\/div>\n<p><span class=\"top_pro_span\">Subscription will automatically renew every month before you unsubscribe.<\/span><\/div>\n<div id=\"newsvd_dialog_close\" class=\"newsvd_dialog_close\"><\/div>\n<div id=\"newsvd_dialog_in\" class=\"dialog_in\">\n<div id=\"pro\" class=\"pro\">Monthly<\/div>\n<div class=\"dialog_line\"><\/div>\n<div id=\"feature_explain\" class=\"feature_explain\"><span id=\"fee\" class=\"fee\"> $ 2.99  \/ month <\/span><\/p>\n<div id=\"feature_list\" class=\"feature_list\">\n<ul id=\"feature_list_ul\">\n<li>1000+ embedded vimeo player sites supported<\/li>\n<li>Support video downloading in more resolutions e.g. 4k, 2k, 1080p, etc.<\/li>\n<li>Support for downloading private videos<\/li>\n<li>Support for extracting audio<\/li>\n<li>Support for downloading subtitles<\/li>\n<li>Unlimited downloads<\/li>\n<\/ul>\n<\/div>\n<\/div>\n<p><button id=\"newsvd_dialog_get\" class=\"dialog_get\">Get<\/button><\/p>\n<p style=\"text-align: center; font-size: 12px; color: #888483; margin-bottom: 15px;\">Click <span id=\"payment_method\" style=\"color: #08abef; cursor: pointer;\">here<\/span> to get other payment method<\/p>\n<\/div>\n<p style=\"text-align: center; font-size: 12px;\">Tip\uff1aPlease refresh the page after the payment is successful<\/p>\n<\/div>\n<\/div>\n<\/div>\n<\/div>\n<div id=\"payment_popup\" style=\"display: none;\">\n<div class=\"payment_content\">\n<div id=\"payment_popup_close\" class=\"dialog_close\" style=\"margin-left: 370px;\"><\/div>\n<h3 style=\"text-align: center; margin-top: 20px; line-height: 40px;\">What is the payment method you want\uff1f<\/h3>\n<p style=\"text-align: center; font-size: 12px; color: #888483;\">We will gradually support it<\/p>\n<div class=\"payment_select\"><input id=\"paypal\" class=\"payment_select_label\" name=\"payment_method\" type=\"radio\" value=\"paypal\" \/><label class=\"payment_label\" for=\"paypal\">PayPal<\/label><br \/>\n<input id=\"braintree\" class=\"payment_select_label\" name=\"payment_method\" type=\"radio\" value=\"braintree\" \/><label class=\"payment_label\" for=\"braintree\">Braintree<\/label><br \/>\n<input id=\"alipay\" class=\"payment_select_label\" name=\"payment_method\" type=\"radio\" value=\"alipay\" \/><label class=\"payment_label\" for=\"alipay\">Alipay<\/label><br \/>\n<input id=\"other\" class=\"payment_select_label\" name=\"payment_method\" type=\"radio\" value=\"other\" \/><label class=\"payment_label\" for=\"other\"><input id=\"otherPayment\" type=\"text\" \/><\/label><\/div>\n<p><button id=\"pay_submit\" style=\"cursor: pointer; border: none; display: block; border-radius: 5px; background-color: #367ecb; height: 30px; width: 100px; line-height: 30px; margin: 22px auto 17px; font-weight: 600; color: white;\">Submit<\/button><\/div>\n<\/div>\n","protected":false},"excerpt":{"rendered":"<p>Naci\u00f3 en Santa Mar\u00eda del Berrocal (AVILA), pero se traslad\u00f3 en su adolescencia a MADRID. ES SOCIO DE HONOR de la Agrupaci\u00f3n Espa\u00f1ola de Acuarelistas y socio de la Asociaci\u00f3n Espa\u00f1ola de Pintores y Escultores. Ha sido incluido en el &hellip; <a href=\"https:\/\/www.pabloreviriego.es\/\">Continuar<\/a><\/p>\n","protected":false},"author":1,"featured_media":0,"parent":0,"menu_order":0,"comment_status":"closed","ping_status":"closed","template":"","meta":{"kt_blocks_editor_width":""},"aioseo_notices":[],"_links":{"self":[{"href":"https:\/\/www.pabloreviriego.es\/index.php?rest_route=\/wp\/v2\/pages\/2"}],"collection":[{"href":"https:\/\/www.pabloreviriego.es\/index.php?rest_route=\/wp\/v2\/pages"}],"about":[{"href":"https:\/\/www.pabloreviriego.es\/index.php?rest_route=\/wp\/v2\/types\/page"}],"author":[{"embeddable":true,"href":"https:\/\/www.pabloreviriego.es\/index.php?rest_route=\/wp\/v2\/users\/1"}],"replies":[{"embeddable":true,"href":"https:\/\/www.pabloreviriego.es\/index.php?rest_route=%2Fwp%2Fv2%2Fcomments&post=2"}],"version-history":[{"count":40,"href":"https:\/\/www.pabloreviriego.es\/index.php?rest_route=\/wp\/v2\/pages\/2\/revisions"}],"predecessor-version":[{"id":2350,"href":"https:\/\/www.pabloreviriego.es\/index.php?rest_route=\/wp\/v2\/pages\/2\/revisions\/2350"}],"wp:attachment":[{"href":"https:\/\/www.pabloreviriego.es\/index.php?rest_route=%2Fwp%2Fv2%2Fmedia&parent=2"}],"curies":[{"name":"wp","href":"https:\/\/api.w.org\/{rel}","templated":true}]}}